{"id":52,"date":"2026-05-12T11:14:31","date_gmt":"2026-05-12T09:14:31","guid":{"rendered":"https:\/\/vovkroofing.pl\/?page_id=52"},"modified":"2026-05-12T11:16:21","modified_gmt":"2026-05-12T09:16:21","slug":"o-nas","status":"publish","type":"page","link":"https:\/\/vovkroofing.pl\/?page_id=52","title":{"rendered":"O nas"},"content":{"rendered":"\n<h2 class=\"wp-block-heading\">O nas<\/h2>\n\n\n\n<p>Wyb\u00f3r odpowiedniego wykonawcy w\u00a0zakresie<strong> budowy i\u00a0modernizacji dach\u00f3w<\/strong> ma kluczowe znaczenie dla trwa\u0142o\u015bci oraz\u00a0funkcjonalno\u015bci konstrukcji. Jako specjali\u015bci z\u00a0wieloletnim do\u015bwiadczeniem oferujemy kompleksowe us\u0142ugi w\u00a0zakresie<\/p>\n","protected":false},"excerpt":{"rendered":"<p>O nas Wyb\u00f3r odpowiedniego wykonawcy w\u00a0zakresie budowy i\u00a0modernizacji dach\u00f3w ma kluczowe znaczenie dla trwa\u0142o\u015bci oraz\u00a0funkcjonalno\u015bci konstrukcji. Jako specjali\u015bci z\u00a0wieloletnim do\u015bwiadczeniem oferujemy kompleksowe us\u0142ugi w\u00a0zakresie<\/p>\n","protected":false},"author":1,"featured_media":0,"parent":0,"menu_order":0,"comment_status":"closed","ping_status":"closed","template":"","meta":{"footnotes":""},"class_list":["post-52","page","type-page","status-publish","hentry"],"yoast_head":"<!-- This site is optimized with the Yoast SEO plugin v27.5 - https:\/\/yoast.com\/product\/yoast-seo-wordpress\/ -->\n<title>O nas - Dachy Marze\u0144<\/title>\n<meta name=\"robots\" content=\"index, follow, max-snippet:-1, max-image-preview:large, max-video-preview:-1\" \/>\n<link rel=\"canonical\" href=\"https:\/\/vovkroofing.pl\/?page_id=52\" \/>\n<meta property=\"og:locale\" content=\"pl_PL\" \/>\n<meta property=\"og:type\" content=\"article\" \/>\n<meta property=\"og:title\" content=\"O nas - Dachy Marze\u0144\" \/>\n<meta property=\"og:description\" content=\"O nas Wyb\u00f3r odpowiedniego wykonawcy w\u00a0zakresie budowy i\u00a0modernizacji dach\u00f3w ma kluczowe znaczenie dla trwa\u0142o\u015bci oraz\u00a0funkcjonalno\u015bci konstrukcji. Jako specjali\u015bci z\u00a0wieloletnim do\u015bwiadczeniem oferujemy kompleksowe us\u0142ugi w\u00a0zakresie\" \/>\n<meta property=\"og:url\" content=\"https:\/\/vovkroofing.pl\/?page_id=52\" \/>\n<meta property=\"og:site_name\" content=\"Dachy Marze\u0144\" \/>\n<meta property=\"article:modified_time\" content=\"2026-05-12T09:16:21+00:00\" \/>\n<meta name=\"twitter:card\" content=\"summary_large_image\" \/>\n<meta name=\"twitter:label1\" content=\"Szacowany czas czytania\" \/>\n\t<meta name=\"twitter:data1\" content=\"1 minuta\" \/>\n<script type=\"application\/ld+json\" class=\"yoast-schema-graph\">{\"@context\":\"https:\\\/\\\/schema.org\",\"@graph\":[{\"@type\":\"WebPage\",\"@id\":\"https:\\\/\\\/vovkroofing.pl\\\/?page_id=52\",\"url\":\"https:\\\/\\\/vovkroofing.pl\\\/?page_id=52\",\"name\":\"O nas - Dachy Marze\u0144\",\"isPartOf\":{\"@id\":\"https:\\\/\\\/vovkroofing.pl\\\/#website\"},\"datePublished\":\"2026-05-12T09:14:31+00:00\",\"dateModified\":\"2026-05-12T09:16:21+00:00\",\"breadcrumb\":{\"@id\":\"https:\\\/\\\/vovkroofing.pl\\\/?page_id=52#breadcrumb\"},\"inLanguage\":\"pl-PL\",\"potentialAction\":[{\"@type\":\"ReadAction\",\"target\":[\"https:\\\/\\\/vovkroofing.pl\\\/?page_id=52\"]}]},{\"@type\":\"BreadcrumbList\",\"@id\":\"https:\\\/\\\/vovkroofing.pl\\\/?page_id=52#breadcrumb\",\"itemListElement\":[{\"@type\":\"ListItem\",\"position\":1,\"name\":\"Home\",\"item\":\"https:\\\/\\\/vovkroofing.pl\\\/\"},{\"@type\":\"ListItem\",\"position\":2,\"name\":\"O nas\"}]},{\"@type\":\"WebSite\",\"@id\":\"https:\\\/\\\/vovkroofing.pl\\\/#website\",\"url\":\"https:\\\/\\\/vovkroofing.pl\\\/\",\"name\":\"Dachy Marze\u0144\",\"description\":\"Dachy to nasza specjalno\u015b\u0107!\",\"potentialAction\":[{\"@type\":\"SearchAction\",\"target\":{\"@type\":\"EntryPoint\",\"urlTemplate\":\"https:\\\/\\\/vovkroofing.pl\\\/?s={search_term_string}\"},\"query-input\":{\"@type\":\"PropertyValueSpecification\",\"valueRequired\":true,\"valueName\":\"search_term_string\"}}],\"inLanguage\":\"pl-PL\"}]}<\/script>\n<!-- \/ Yoast SEO plugin. -->","yoast_head_json":{"title":"O nas - Dachy Marze\u0144","robots":{"index":"index","follow":"follow","max-snippet":"max-snippet:-1","max-image-preview":"max-image-preview:large","max-video-preview":"max-video-preview:-1"},"canonical":"https:\/\/vovkroofing.pl\/?page_id=52","og_locale":"pl_PL","og_type":"article","og_title":"O nas - Dachy Marze\u0144","og_description":"O nas Wyb\u00f3r odpowiedniego wykonawcy w\u00a0zakresie budowy i\u00a0modernizacji dach\u00f3w ma kluczowe znaczenie dla trwa\u0142o\u015bci oraz\u00a0funkcjonalno\u015bci konstrukcji. Jako specjali\u015bci z\u00a0wieloletnim do\u015bwiadczeniem oferujemy kompleksowe us\u0142ugi w\u00a0zakresie","og_url":"https:\/\/vovkroofing.pl\/?page_id=52","og_site_name":"Dachy Marze\u0144","article_modified_time":"2026-05-12T09:16:21+00:00","twitter_card":"summary_large_image","twitter_misc":{"Szacowany czas czytania":"1 minuta"},"schema":{"@context":"https:\/\/schema.org","@graph":[{"@type":"WebPage","@id":"https:\/\/vovkroofing.pl\/?page_id=52","url":"https:\/\/vovkroofing.pl\/?page_id=52","name":"O nas - Dachy Marze\u0144","isPartOf":{"@id":"https:\/\/vovkroofing.pl\/#website"},"datePublished":"2026-05-12T09:14:31+00:00","dateModified":"2026-05-12T09:16:21+00:00","breadcrumb":{"@id":"https:\/\/vovkroofing.pl\/?page_id=52#breadcrumb"},"inLanguage":"pl-PL","potentialAction":[{"@type":"ReadAction","target":["https:\/\/vovkroofing.pl\/?page_id=52"]}]},{"@type":"BreadcrumbList","@id":"https:\/\/vovkroofing.pl\/?page_id=52#breadcrumb","itemListElement":[{"@type":"ListItem","position":1,"name":"Home","item":"https:\/\/vovkroofing.pl\/"},{"@type":"ListItem","position":2,"name":"O nas"}]},{"@type":"WebSite","@id":"https:\/\/vovkroofing.pl\/#website","url":"https:\/\/vovkroofing.pl\/","name":"Dachy Marze\u0144","description":"Dachy to nasza specjalno\u015b\u0107!","potentialAction":[{"@type":"SearchAction","target":{"@type":"EntryPoint","urlTemplate":"https:\/\/vovkroofing.pl\/?s={search_term_string}"},"query-input":{"@type":"PropertyValueSpecification","valueRequired":true,"valueName":"search_term_string"}}],"inLanguage":"pl-PL"}]}},"_links":{"self":[{"href":"https:\/\/vovkroofing.pl\/index.php?rest_route=\/wp\/v2\/pages\/52","targetHints":{"allow":["GET"]}}],"collection":[{"href":"https:\/\/vovkroofing.pl\/index.php?rest_route=\/wp\/v2\/pages"}],"about":[{"href":"https:\/\/vovkroofing.pl\/index.php?rest_route=\/wp\/v2\/types\/page"}],"author":[{"embeddable":true,"href":"https:\/\/vovkroofing.pl\/index.php?rest_route=\/wp\/v2\/users\/1"}],"replies":[{"embeddable":true,"href":"https:\/\/vovkroofing.pl\/index.php?rest_route=%2Fwp%2Fv2%2Fcomments&post=52"}],"version-history":[{"count":1,"href":"https:\/\/vovkroofing.pl\/index.php?rest_route=\/wp\/v2\/pages\/52\/revisions"}],"predecessor-version":[{"id":53,"href":"https:\/\/vovkroofing.pl\/index.php?rest_route=\/wp\/v2\/pages\/52\/revisions\/53"}],"wp:attachment":[{"href":"https:\/\/vovkroofing.pl\/index.php?rest_route=%2Fwp%2Fv2%2Fmedia&parent=52"}],"curies":[{"name":"wp","href":"https:\/\/api.w.org\/{rel}","templated":true}]}}