{"id":56,"date":"2026-05-12T11:20:45","date_gmt":"2026-05-12T09:20:45","guid":{"rendered":"https:\/\/vovkroofing.pl\/?page_id=56"},"modified":"2026-05-12T11:44:45","modified_gmt":"2026-05-12T09:44:45","slug":"realizacje","status":"publish","type":"page","link":"https:\/\/vovkroofing.pl\/?page_id=56","title":{"rendered":"Realizacje"},"content":{"rendered":"\n<div class=\"wp-block-columns is-layout-flex wp-container-core-columns-is-layout-9d6595d7 wp-block-columns-is-layout-flex\">\n<div class=\"wp-block-column is-layout-flow wp-block-column-is-layout-flow\" style=\"flex-basis:100%\">\n<figure class=\"wp-block-gallery has-nested-images columns-default is-cropped wp-block-gallery-1 is-layout-flex wp-block-gallery-is-layout-flex\">\n<figure class=\"wp-block-image size-large\"><img fetchpriority=\"high\" decoding=\"async\" width=\"768\" height=\"1024\" data-id=\"76\" src=\"https:\/\/vovkroofing.pl\/wp-content\/uploads\/2026\/05\/5b598f9f-f2ba-43a9-88e6-37c09b2f454e_logo-768x1024.jpg\" alt=\"\" class=\"wp-image-76\" srcset=\"https:\/\/vovkroofing.pl\/wp-content\/uploads\/2026\/05\/5b598f9f-f2ba-43a9-88e6-37c09b2f454e_logo-768x1024.jpg 768w, https:\/\/vovkroofing.pl\/wp-content\/uploads\/2026\/05\/5b598f9f-f2ba-43a9-88e6-37c09b2f454e_logo-225x300.jpg 225w, https:\/\/vovkroofing.pl\/wp-content\/uploads\/2026\/05\/5b598f9f-f2ba-43a9-88e6-37c09b2f454e_logo-1152x1536.jpg 1152w, https:\/\/vovkroofing.pl\/wp-content\/uploads\/2026\/05\/5b598f9f-f2ba-43a9-88e6-37c09b2f454e_logo.jpg 1536w\" sizes=\"(max-width: 768px) 100vw, 768px\" \/><\/figure>\n\n\n\n<figure class=\"wp-block-image size-large\"><img decoding=\"async\" width=\"768\" height=\"1024\" data-id=\"74\" src=\"https:\/\/vovkroofing.pl\/wp-content\/uploads\/2026\/05\/34a05d57-899f-46f1-8e10-ce7770881649_logo-768x1024.jpg\" alt=\"\" class=\"wp-image-74\" srcset=\"https:\/\/vovkroofing.pl\/wp-content\/uploads\/2026\/05\/34a05d57-899f-46f1-8e10-ce7770881649_logo-768x1024.jpg 768w, https:\/\/vovkroofing.pl\/wp-content\/uploads\/2026\/05\/34a05d57-899f-46f1-8e10-ce7770881649_logo-225x300.jpg 225w, https:\/\/vovkroofing.pl\/wp-content\/uploads\/2026\/05\/34a05d57-899f-46f1-8e10-ce7770881649_logo-1152x1536.jpg 1152w, https:\/\/vovkroofing.pl\/wp-content\/uploads\/2026\/05\/34a05d57-899f-46f1-8e10-ce7770881649_logo.jpg 1536w\" sizes=\"(max-width: 768px) 100vw, 768px\" \/><\/figure>\n\n\n\n<figure class=\"wp-block-image size-large\"><img decoding=\"async\" width=\"768\" height=\"1024\" data-id=\"75\" src=\"https:\/\/vovkroofing.pl\/wp-content\/uploads\/2026\/05\/8c9ffa0e-a8cc-4e56-9011-2185c5d4eda9_logo-768x1024.jpg\" alt=\"\" class=\"wp-image-75\" srcset=\"https:\/\/vovkroofing.pl\/wp-content\/uploads\/2026\/05\/8c9ffa0e-a8cc-4e56-9011-2185c5d4eda9_logo-768x1024.jpg 768w, https:\/\/vovkroofing.pl\/wp-content\/uploads\/2026\/05\/8c9ffa0e-a8cc-4e56-9011-2185c5d4eda9_logo-225x300.jpg 225w, https:\/\/vovkroofing.pl\/wp-content\/uploads\/2026\/05\/8c9ffa0e-a8cc-4e56-9011-2185c5d4eda9_logo-1152x1536.jpg 1152w, https:\/\/vovkroofing.pl\/wp-content\/uploads\/2026\/05\/8c9ffa0e-a8cc-4e56-9011-2185c5d4eda9_logo.jpg 1536w\" sizes=\"(max-width: 768px) 100vw, 768px\" \/><\/figure>\n\n\n\n<figure class=\"wp-block-image size-large\"><img loading=\"lazy\" decoding=\"async\" width=\"768\" height=\"1024\" data-id=\"73\" src=\"https:\/\/vovkroofing.pl\/wp-content\/uploads\/2026\/05\/60ede494-da40-437a-88e3-13fe607d3cda_logo-768x1024.jpg\" alt=\"\" class=\"wp-image-73\" srcset=\"https:\/\/vovkroofing.pl\/wp-content\/uploads\/2026\/05\/60ede494-da40-437a-88e3-13fe607d3cda_logo-768x1024.jpg 768w, https:\/\/vovkroofing.pl\/wp-content\/uploads\/2026\/05\/60ede494-da40-437a-88e3-13fe607d3cda_logo-225x300.jpg 225w, https:\/\/vovkroofing.pl\/wp-content\/uploads\/2026\/05\/60ede494-da40-437a-88e3-13fe607d3cda_logo-1152x1536.jpg 1152w, https:\/\/vovkroofing.pl\/wp-content\/uploads\/2026\/05\/60ede494-da40-437a-88e3-13fe607d3cda_logo.jpg 1536w\" sizes=\"(max-width: 768px) 100vw, 768px\" \/><\/figure>\n\n\n\n<figure class=\"wp-block-image size-large\"><img loading=\"lazy\" decoding=\"async\" width=\"768\" height=\"1024\" data-id=\"72\" src=\"https:\/\/vovkroofing.pl\/wp-content\/uploads\/2026\/05\/65ff16c3-1908-4389-88c4-0ec638560f0f_logo-768x1024.jpg\" alt=\"\" class=\"wp-image-72\" srcset=\"https:\/\/vovkroofing.pl\/wp-content\/uploads\/2026\/05\/65ff16c3-1908-4389-88c4-0ec638560f0f_logo-768x1024.jpg 768w, https:\/\/vovkroofing.pl\/wp-content\/uploads\/2026\/05\/65ff16c3-1908-4389-88c4-0ec638560f0f_logo-225x300.jpg 225w, https:\/\/vovkroofing.pl\/wp-content\/uploads\/2026\/05\/65ff16c3-1908-4389-88c4-0ec638560f0f_logo-1152x1536.jpg 1152w, https:\/\/vovkroofing.pl\/wp-content\/uploads\/2026\/05\/65ff16c3-1908-4389-88c4-0ec638560f0f_logo.jpg 1536w\" sizes=\"(max-width: 768px) 100vw, 768px\" \/><\/figure>\n\n\n\n<figure class=\"wp-block-image size-large\"><img loading=\"lazy\" decoding=\"async\" width=\"768\" height=\"1024\" data-id=\"67\" src=\"https:\/\/vovkroofing.pl\/wp-content\/uploads\/2026\/05\/ccfc0a9f-1f1e-4918-b019-dc1c3b27ac3e_logo-768x1024.jpg\" alt=\"\" class=\"wp-image-67\" srcset=\"https:\/\/vovkroofing.pl\/wp-content\/uploads\/2026\/05\/ccfc0a9f-1f1e-4918-b019-dc1c3b27ac3e_logo-768x1024.jpg 768w, https:\/\/vovkroofing.pl\/wp-content\/uploads\/2026\/05\/ccfc0a9f-1f1e-4918-b019-dc1c3b27ac3e_logo-225x300.jpg 225w, https:\/\/vovkroofing.pl\/wp-content\/uploads\/2026\/05\/ccfc0a9f-1f1e-4918-b019-dc1c3b27ac3e_logo-1152x1536.jpg 1152w, https:\/\/vovkroofing.pl\/wp-content\/uploads\/2026\/05\/ccfc0a9f-1f1e-4918-b019-dc1c3b27ac3e_logo.jpg 1536w\" sizes=\"(max-width: 768px) 100vw, 768px\" \/><\/figure>\n\n\n\n<figure class=\"wp-block-image size-large\"><img loading=\"lazy\" decoding=\"async\" width=\"1024\" height=\"768\" data-id=\"68\" src=\"https:\/\/vovkroofing.pl\/wp-content\/uploads\/2026\/05\/86767fce-3e6d-4bb4-870d-d7cf87d298ad_logo-1024x768.jpg\" alt=\"\" class=\"wp-image-68\" srcset=\"https:\/\/vovkroofing.pl\/wp-content\/uploads\/2026\/05\/86767fce-3e6d-4bb4-870d-d7cf87d298ad_logo-1024x768.jpg 1024w, https:\/\/vovkroofing.pl\/wp-content\/uploads\/2026\/05\/86767fce-3e6d-4bb4-870d-d7cf87d298ad_logo-300x225.jpg 300w, https:\/\/vovkroofing.pl\/wp-content\/uploads\/2026\/05\/86767fce-3e6d-4bb4-870d-d7cf87d298ad_logo-768x576.jpg 768w, https:\/\/vovkroofing.pl\/wp-content\/uploads\/2026\/05\/86767fce-3e6d-4bb4-870d-d7cf87d298ad_logo-1536x1152.jpg 1536w, https:\/\/vovkroofing.pl\/wp-content\/uploads\/2026\/05\/86767fce-3e6d-4bb4-870d-d7cf87d298ad_logo.jpg 2048w\" sizes=\"(max-width: 1024px) 100vw, 1024px\" \/><\/figure>\n\n\n\n<figure class=\"wp-block-image size-large\"><img loading=\"lazy\" decoding=\"async\" width=\"1024\" height=\"768\" data-id=\"69\" src=\"https:\/\/vovkroofing.pl\/wp-content\/uploads\/2026\/05\/788c9fae-5a6d-4fb2-8c60-cfcb91d98a9e_logo-1024x768.jpg\" alt=\"\" class=\"wp-image-69\" srcset=\"https:\/\/vovkroofing.pl\/wp-content\/uploads\/2026\/05\/788c9fae-5a6d-4fb2-8c60-cfcb91d98a9e_logo-1024x768.jpg 1024w, https:\/\/vovkroofing.pl\/wp-content\/uploads\/2026\/05\/788c9fae-5a6d-4fb2-8c60-cfcb91d98a9e_logo-300x225.jpg 300w, https:\/\/vovkroofing.pl\/wp-content\/uploads\/2026\/05\/788c9fae-5a6d-4fb2-8c60-cfcb91d98a9e_logo-768x576.jpg 768w, https:\/\/vovkroofing.pl\/wp-content\/uploads\/2026\/05\/788c9fae-5a6d-4fb2-8c60-cfcb91d98a9e_logo-1536x1152.jpg 1536w, https:\/\/vovkroofing.pl\/wp-content\/uploads\/2026\/05\/788c9fae-5a6d-4fb2-8c60-cfcb91d98a9e_logo.jpg 2048w\" sizes=\"(max-width: 1024px) 100vw, 1024px\" \/><\/figure>\n\n\n\n<figure class=\"wp-block-image size-large\"><img loading=\"lazy\" decoding=\"async\" width=\"768\" height=\"1024\" data-id=\"70\" src=\"https:\/\/vovkroofing.pl\/wp-content\/uploads\/2026\/05\/562de98b-6b22-4086-b14c-0901cf089139_logo-768x1024.jpg\" alt=\"\" class=\"wp-image-70\" srcset=\"https:\/\/vovkroofing.pl\/wp-content\/uploads\/2026\/05\/562de98b-6b22-4086-b14c-0901cf089139_logo-768x1024.jpg 768w, https:\/\/vovkroofing.pl\/wp-content\/uploads\/2026\/05\/562de98b-6b22-4086-b14c-0901cf089139_logo-225x300.jpg 225w, https:\/\/vovkroofing.pl\/wp-content\/uploads\/2026\/05\/562de98b-6b22-4086-b14c-0901cf089139_logo-1152x1536.jpg 1152w, https:\/\/vovkroofing.pl\/wp-content\/uploads\/2026\/05\/562de98b-6b22-4086-b14c-0901cf089139_logo.jpg 1536w\" sizes=\"(max-width: 768px) 100vw, 768px\" \/><\/figure>\n\n\n\n<figure class=\"wp-block-image size-large\"><img loading=\"lazy\" decoding=\"async\" width=\"1024\" height=\"768\" data-id=\"71\" src=\"https:\/\/vovkroofing.pl\/wp-content\/uploads\/2026\/05\/88edfb2f-e70d-4d69-a66d-ebcb954948ab_logo-1024x768.jpg\" alt=\"\" class=\"wp-image-71\" srcset=\"https:\/\/vovkroofing.pl\/wp-content\/uploads\/2026\/05\/88edfb2f-e70d-4d69-a66d-ebcb954948ab_logo-1024x768.jpg 1024w, https:\/\/vovkroofing.pl\/wp-content\/uploads\/2026\/05\/88edfb2f-e70d-4d69-a66d-ebcb954948ab_logo-300x225.jpg 300w, https:\/\/vovkroofing.pl\/wp-content\/uploads\/2026\/05\/88edfb2f-e70d-4d69-a66d-ebcb954948ab_logo-768x576.jpg 768w, https:\/\/vovkroofing.pl\/wp-content\/uploads\/2026\/05\/88edfb2f-e70d-4d69-a66d-ebcb954948ab_logo-1536x1152.jpg 1536w, https:\/\/vovkroofing.pl\/wp-content\/uploads\/2026\/05\/88edfb2f-e70d-4d69-a66d-ebcb954948ab_logo.jpg 2048w\" sizes=\"(max-width: 1024px) 100vw, 1024px\" \/><\/figure>\n\n\n\n<figure class=\"wp-block-image size-large\"><img loading=\"lazy\" decoding=\"async\" width=\"768\" height=\"1024\" data-id=\"66\" src=\"https:\/\/vovkroofing.pl\/wp-content\/uploads\/2026\/05\/dc5969aa-a039-41ca-ac34-7f64e2e0d2d0_logo-768x1024.jpg\" alt=\"\" class=\"wp-image-66\" srcset=\"https:\/\/vovkroofing.pl\/wp-content\/uploads\/2026\/05\/dc5969aa-a039-41ca-ac34-7f64e2e0d2d0_logo-768x1024.jpg 768w, https:\/\/vovkroofing.pl\/wp-content\/uploads\/2026\/05\/dc5969aa-a039-41ca-ac34-7f64e2e0d2d0_logo-225x300.jpg 225w, https:\/\/vovkroofing.pl\/wp-content\/uploads\/2026\/05\/dc5969aa-a039-41ca-ac34-7f64e2e0d2d0_logo-1152x1536.jpg 1152w, https:\/\/vovkroofing.pl\/wp-content\/uploads\/2026\/05\/dc5969aa-a039-41ca-ac34-7f64e2e0d2d0_logo.jpg 1536w\" sizes=\"(max-width: 768px) 100vw, 768px\" \/><\/figure>\n\n\n\n<figure class=\"wp-block-image size-large\"><img loading=\"lazy\" decoding=\"async\" width=\"576\" height=\"1024\" data-id=\"65\" src=\"https:\/\/vovkroofing.pl\/wp-content\/uploads\/2026\/05\/e9e55952-f8a1-47c6-ad76-419666b84f0f_logo-576x1024.jpg\" alt=\"\" class=\"wp-image-65\" srcset=\"https:\/\/vovkroofing.pl\/wp-content\/uploads\/2026\/05\/e9e55952-f8a1-47c6-ad76-419666b84f0f_logo-576x1024.jpg 576w, https:\/\/vovkroofing.pl\/wp-content\/uploads\/2026\/05\/e9e55952-f8a1-47c6-ad76-419666b84f0f_logo-169x300.jpg 169w, https:\/\/vovkroofing.pl\/wp-content\/uploads\/2026\/05\/e9e55952-f8a1-47c6-ad76-419666b84f0f_logo-768x1365.jpg 768w, https:\/\/vovkroofing.pl\/wp-content\/uploads\/2026\/05\/e9e55952-f8a1-47c6-ad76-419666b84f0f_logo-864x1536.jpg 864w, https:\/\/vovkroofing.pl\/wp-content\/uploads\/2026\/05\/e9e55952-f8a1-47c6-ad76-419666b84f0f_logo.jpg 1152w\" sizes=\"(max-width: 576px) 100vw, 576px\" \/><\/figure>\n\n\n\n<figure class=\"wp-block-image size-large\"><img loading=\"lazy\" decoding=\"async\" width=\"768\" height=\"1024\" data-id=\"64\" src=\"https:\/\/vovkroofing.pl\/wp-content\/uploads\/2026\/05\/ff0eff4d-62bf-49d3-b166-08925d014ee4_logo-768x1024.jpg\" alt=\"\" class=\"wp-image-64\" srcset=\"https:\/\/vovkroofing.pl\/wp-content\/uploads\/2026\/05\/ff0eff4d-62bf-49d3-b166-08925d014ee4_logo-768x1024.jpg 768w, https:\/\/vovkroofing.pl\/wp-content\/uploads\/2026\/05\/ff0eff4d-62bf-49d3-b166-08925d014ee4_logo-225x300.jpg 225w, https:\/\/vovkroofing.pl\/wp-content\/uploads\/2026\/05\/ff0eff4d-62bf-49d3-b166-08925d014ee4_logo-1152x1536.jpg 1152w, https:\/\/vovkroofing.pl\/wp-content\/uploads\/2026\/05\/ff0eff4d-62bf-49d3-b166-08925d014ee4_logo.jpg 1536w\" sizes=\"(max-width: 768px) 100vw, 768px\" \/><\/figure>\n<\/figure>\n<\/div>\n<\/div>\n","protected":false},"excerpt":{"rendered":"","protected":false},"author":1,"featured_media":0,"parent":0,"menu_order":0,"comment_status":"closed","ping_status":"closed","template":"","meta":{"footnotes":""},"class_list":["post-56","page","type-page","status-publish","hentry"],"yoast_head":"<!-- This site is optimized with the Yoast SEO plugin v27.5 - https:\/\/yoast.com\/product\/yoast-seo-wordpress\/ -->\n<title>Realizacje - Dachy Marze\u0144<\/title>\n<meta name=\"robots\" content=\"index, follow, max-snippet:-1, max-image-preview:large, max-video-preview:-1\" \/>\n<link rel=\"canonical\" href=\"https:\/\/vovkroofing.pl\/?page_id=56\" \/>\n<meta property=\"og:locale\" content=\"pl_PL\" \/>\n<meta property=\"og:type\" content=\"article\" \/>\n<meta property=\"og:title\" content=\"Realizacje - Dachy Marze\u0144\" \/>\n<meta property=\"og:url\" content=\"https:\/\/vovkroofing.pl\/?page_id=56\" \/>\n<meta property=\"og:site_name\" content=\"Dachy Marze\u0144\" \/>\n<meta property=\"article:modified_time\" content=\"2026-05-12T09:44:45+00:00\" \/>\n<meta property=\"og:image\" content=\"https:\/\/vovkroofing.pl\/wp-content\/uploads\/2026\/05\/5b598f9f-f2ba-43a9-88e6-37c09b2f454e_logo.jpg\" \/>\n\t<meta property=\"og:image:width\" content=\"1536\" \/>\n\t<meta property=\"og:image:height\" content=\"2048\" \/>\n\t<meta property=\"og:image:type\" content=\"image\/jpeg\" \/>\n<meta name=\"twitter:card\" content=\"summary_large_image\" \/>\n<meta name=\"twitter:label1\" content=\"Szacowany czas czytania\" \/>\n\t<meta name=\"twitter:data1\" content=\"3 minuty\" \/>\n<script type=\"application\/ld+json\" class=\"yoast-schema-graph\">{\"@context\":\"https:\\\/\\\/schema.org\",\"@graph\":[{\"@type\":\"WebPage\",\"@id\":\"https:\\\/\\\/vovkroofing.pl\\\/?page_id=56\",\"url\":\"https:\\\/\\\/vovkroofing.pl\\\/?page_id=56\",\"name\":\"Realizacje - Dachy Marze\u0144\",\"isPartOf\":{\"@id\":\"https:\\\/\\\/vovkroofing.pl\\\/#website\"},\"primaryImageOfPage\":{\"@id\":\"https:\\\/\\\/vovkroofing.pl\\\/?page_id=56#primaryimage\"},\"image\":{\"@id\":\"https:\\\/\\\/vovkroofing.pl\\\/?page_id=56#primaryimage\"},\"thumbnailUrl\":\"https:\\\/\\\/vovkroofing.pl\\\/wp-content\\\/uploads\\\/2026\\\/05\\\/5b598f9f-f2ba-43a9-88e6-37c09b2f454e_logo-768x1024.jpg\",\"datePublished\":\"2026-05-12T09:20:45+00:00\",\"dateModified\":\"2026-05-12T09:44:45+00:00\",\"breadcrumb\":{\"@id\":\"https:\\\/\\\/vovkroofing.pl\\\/?page_id=56#breadcrumb\"},\"inLanguage\":\"pl-PL\",\"potentialAction\":[{\"@type\":\"ReadAction\",\"target\":[\"https:\\\/\\\/vovkroofing.pl\\\/?page_id=56\"]}]},{\"@type\":\"ImageObject\",\"inLanguage\":\"pl-PL\",\"@id\":\"https:\\\/\\\/vovkroofing.pl\\\/?page_id=56#primaryimage\",\"url\":\"https:\\\/\\\/vovkroofing.pl\\\/wp-content\\\/uploads\\\/2026\\\/05\\\/5b598f9f-f2ba-43a9-88e6-37c09b2f454e_logo.jpg\",\"contentUrl\":\"https:\\\/\\\/vovkroofing.pl\\\/wp-content\\\/uploads\\\/2026\\\/05\\\/5b598f9f-f2ba-43a9-88e6-37c09b2f454e_logo.jpg\",\"width\":1536,\"height\":2048},{\"@type\":\"BreadcrumbList\",\"@id\":\"https:\\\/\\\/vovkroofing.pl\\\/?page_id=56#breadcrumb\",\"itemListElement\":[{\"@type\":\"ListItem\",\"position\":1,\"name\":\"Home\",\"item\":\"https:\\\/\\\/vovkroofing.pl\\\/\"},{\"@type\":\"ListItem\",\"position\":2,\"name\":\"Realizacje\"}]},{\"@type\":\"WebSite\",\"@id\":\"https:\\\/\\\/vovkroofing.pl\\\/#website\",\"url\":\"https:\\\/\\\/vovkroofing.pl\\\/\",\"name\":\"Dachy Marze\u0144\",\"description\":\"Dachy to nasza specjalno\u015b\u0107!\",\"potentialAction\":[{\"@type\":\"SearchAction\",\"target\":{\"@type\":\"EntryPoint\",\"urlTemplate\":\"https:\\\/\\\/vovkroofing.pl\\\/?s={search_term_string}\"},\"query-input\":{\"@type\":\"PropertyValueSpecification\",\"valueRequired\":true,\"valueName\":\"search_term_string\"}}],\"inLanguage\":\"pl-PL\"}]}<\/script>\n<!-- \/ Yoast SEO plugin. -->","yoast_head_json":{"title":"Realizacje - Dachy Marze\u0144","robots":{"index":"index","follow":"follow","max-snippet":"max-snippet:-1","max-image-preview":"max-image-preview:large","max-video-preview":"max-video-preview:-1"},"canonical":"https:\/\/vovkroofing.pl\/?page_id=56","og_locale":"pl_PL","og_type":"article","og_title":"Realizacje - Dachy Marze\u0144","og_url":"https:\/\/vovkroofing.pl\/?page_id=56","og_site_name":"Dachy Marze\u0144","article_modified_time":"2026-05-12T09:44:45+00:00","og_image":[{"width":1536,"height":2048,"url":"https:\/\/vovkroofing.pl\/wp-content\/uploads\/2026\/05\/5b598f9f-f2ba-43a9-88e6-37c09b2f454e_logo.jpg","type":"image\/jpeg"}],"twitter_card":"summary_large_image","twitter_misc":{"Szacowany czas czytania":"3 minuty"},"schema":{"@context":"https:\/\/schema.org","@graph":[{"@type":"WebPage","@id":"https:\/\/vovkroofing.pl\/?page_id=56","url":"https:\/\/vovkroofing.pl\/?page_id=56","name":"Realizacje - Dachy Marze\u0144","isPartOf":{"@id":"https:\/\/vovkroofing.pl\/#website"},"primaryImageOfPage":{"@id":"https:\/\/vovkroofing.pl\/?page_id=56#primaryimage"},"image":{"@id":"https:\/\/vovkroofing.pl\/?page_id=56#primaryimage"},"thumbnailUrl":"https:\/\/vovkroofing.pl\/wp-content\/uploads\/2026\/05\/5b598f9f-f2ba-43a9-88e6-37c09b2f454e_logo-768x1024.jpg","datePublished":"2026-05-12T09:20:45+00:00","dateModified":"2026-05-12T09:44:45+00:00","breadcrumb":{"@id":"https:\/\/vovkroofing.pl\/?page_id=56#breadcrumb"},"inLanguage":"pl-PL","potentialAction":[{"@type":"ReadAction","target":["https:\/\/vovkroofing.pl\/?page_id=56"]}]},{"@type":"ImageObject","inLanguage":"pl-PL","@id":"https:\/\/vovkroofing.pl\/?page_id=56#primaryimage","url":"https:\/\/vovkroofing.pl\/wp-content\/uploads\/2026\/05\/5b598f9f-f2ba-43a9-88e6-37c09b2f454e_logo.jpg","contentUrl":"https:\/\/vovkroofing.pl\/wp-content\/uploads\/2026\/05\/5b598f9f-f2ba-43a9-88e6-37c09b2f454e_logo.jpg","width":1536,"height":2048},{"@type":"BreadcrumbList","@id":"https:\/\/vovkroofing.pl\/?page_id=56#breadcrumb","itemListElement":[{"@type":"ListItem","position":1,"name":"Home","item":"https:\/\/vovkroofing.pl\/"},{"@type":"ListItem","position":2,"name":"Realizacje"}]},{"@type":"WebSite","@id":"https:\/\/vovkroofing.pl\/#website","url":"https:\/\/vovkroofing.pl\/","name":"Dachy Marze\u0144","description":"Dachy to nasza specjalno\u015b\u0107!","potentialAction":[{"@type":"SearchAction","target":{"@type":"EntryPoint","urlTemplate":"https:\/\/vovkroofing.pl\/?s={search_term_string}"},"query-input":{"@type":"PropertyValueSpecification","valueRequired":true,"valueName":"search_term_string"}}],"inLanguage":"pl-PL"}]}},"_links":{"self":[{"href":"https:\/\/vovkroofing.pl\/index.php?rest_route=\/wp\/v2\/pages\/56","targetHints":{"allow":["GET"]}}],"collection":[{"href":"https:\/\/vovkroofing.pl\/index.php?rest_route=\/wp\/v2\/pages"}],"about":[{"href":"https:\/\/vovkroofing.pl\/index.php?rest_route=\/wp\/v2\/types\/page"}],"author":[{"embeddable":true,"href":"https:\/\/vovkroofing.pl\/index.php?rest_route=\/wp\/v2\/users\/1"}],"replies":[{"embeddable":true,"href":"https:\/\/vovkroofing.pl\/index.php?rest_route=%2Fwp%2Fv2%2Fcomments&post=56"}],"version-history":[{"count":2,"href":"https:\/\/vovkroofing.pl\/index.php?rest_route=\/wp\/v2\/pages\/56\/revisions"}],"predecessor-version":[{"id":77,"href":"https:\/\/vovkroofing.pl\/index.php?rest_route=\/wp\/v2\/pages\/56\/revisions\/77"}],"wp:attachment":[{"href":"https:\/\/vovkroofing.pl\/index.php?rest_route=%2Fwp%2Fv2%2Fmedia&parent=56"}],"curies":[{"name":"wp","href":"https:\/\/api.w.org\/{rel}","templated":true}]}}